{"id":21,"date":"2025-04-08T17:30:08","date_gmt":"2025-04-08T15:30:08","guid":{"rendered":"http:\/\/fabaction.fr\/?page_id=21"},"modified":"2025-04-10T15:41:01","modified_gmt":"2025-04-10T13:41:01","slug":"en-cours-de-construction","status":"publish","type":"page","link":"https:\/\/fabaction.fr\/en\/en-cours-de-construction\/","title":{"rendered":"En cours de r\u00e9novation"},"content":{"rendered":"<div data-elementor-type=\"wp-page\" data-elementor-id=\"21\" class=\"elementor elementor-21\">\n\t\t\t\t<div class=\"elementor-element elementor-element-87454f4 e-flex e-con-boxed e-con e-parent\" data-id=\"87454f4\" data-element_type=\"container\" data-e-type=\"container\">\n\t\t\t\t\t<div class=\"e-con-inner\">\n\t\t\t\t<div class=\"elementor-element elementor-element-a5ae682 elementor-widget elementor-widget-heading\" data-id=\"a5ae682\" data-element_type=\"widget\" data-e-type=\"widget\" data-widget_type=\"heading.default\">\n\t\t\t\t<div class=\"elementor-widget-container\">\n\t\t\t\t\t<h1 class=\"elementor-heading-title elementor-size-default\">Notre site en cours de r\u00e9novation<\/h1>\t\t\t\t<\/div>\n\t\t\t\t<\/div>\n\t\t\t\t\t<\/div>\n\t\t\t\t<\/div>\n\t\t<div class=\"elementor-element elementor-element-63d3c027 e-con-full e-flex e-con e-parent\" data-id=\"63d3c027\" data-element_type=\"container\" data-e-type=\"container\" data-settings=\"{&quot;background_background&quot;:&quot;classic&quot;}\">\n\t\t<div class=\"elementor-element elementor-element-53e21457 e-con-full e-flex e-con e-child\" data-id=\"53e21457\" data-element_type=\"container\" data-e-type=\"container\">\n\t\t\t\t<div class=\"elementor-element elementor-element-9f0cebe elementor-widget elementor-widget-heading\" data-id=\"9f0cebe\" data-element_type=\"widget\" data-e-type=\"widget\" data-widget_type=\"heading.default\">\n\t\t\t\t<div class=\"elementor-widget-container\">\n\t\t\t\t\t<h1 class=\"elementor-heading-title elementor-size-default\">Vous pouvez nous contacter via notre page LinkedIN<\/h1>\t\t\t\t<\/div>\n\t\t\t\t<\/div>\n\t\t\t\t<div class=\"elementor-element elementor-element-3b8ff10b elementor-widget__width-initial elementor-widget elementor-widget-text-editor\" data-id=\"3b8ff10b\" data-element_type=\"widget\" data-e-type=\"widget\" data-widget_type=\"text-editor.default\">\n\t\t\t\t<div class=\"elementor-widget-container\">\n\t\t\t\t\t\t\t\t\t<p>N&rsquo;h\u00e9sitez pas \u00e0 nous envoyer un message<\/p>\t\t\t\t\t\t\t\t<\/div>\n\t\t\t\t<\/div>\n\t\t\t\t<div class=\"elementor-element elementor-element-362187b elementor-align-left elementor-invisible elementor-widget elementor-widget-button\" data-id=\"362187b\" data-element_type=\"widget\" data-e-type=\"widget\" data-settings=\"{&quot;_animation&quot;:&quot;fadeInLeft&quot;}\" data-widget_type=\"button.default\">\n\t\t\t\t<div class=\"elementor-widget-container\">\n\t\t\t\t\t\t\t\t\t<div class=\"elementor-button-wrapper\">\n\t\t\t\t\t<a class=\"elementor-button elementor-button-link elementor-size-sm elementor-animation-grow\" href=\"https:\/\/www.linkedin.com\/company\/fab-action\" target=\"_blank\">\n\t\t\t\t\t\t<span class=\"elementor-button-content-wrapper\">\n\t\t\t\t\t\t<span class=\"elementor-button-icon\">\n\t\t\t\t<svg aria-hidden=\"true\" class=\"e-font-icon-svg e-fab-linkedin\" viewbox=\"0 0 448 512\" xmlns=\"http:\/\/www.w3.org\/2000\/svg\"><path d=\"M416 32H31.9C14.3 32 0 46.5 0 64.3v383.4C0 465.5 14.3 480 31.9 480H416c17.6 0 32-14.5 32-32.3V64.3c0-17.8-14.4-32.3-32-32.3zM135.4 416H69V202.2h66.5V416zm-33.2-243c-21.3 0-38.5-17.3-38.5-38.5S80.9 96 102.2 96c21.2 0 38.5 17.3 38.5 38.5 0 21.3-17.2 38.5-38.5 38.5zm282.1 243h-66.4V312c0-24.8-.5-56.7-34.5-56.7-34.6 0-39.9 27-39.9 54.9V416h-66.4V202.2h63.7v29.2h.9c8.9-16.8 30.6-34.5 62.9-34.5 67.2 0 79.7 44.3 79.7 101.9V416z\"><\/path><\/svg>\t\t\t<\/span>\n\t\t\t\t\t\t\t\t\t<span class=\"elementor-button-text\">Cliquez ici<\/span>\n\t\t\t\t\t<\/span>\n\t\t\t\t\t<\/a>\n\t\t\t\t<\/div>\n\t\t\t\t\t\t\t\t<\/div>\n\t\t\t\t<\/div>\n\t\t\t\t<\/div>\n\t\t<div class=\"elementor-element elementor-element-21fdb59 e-con-full e-flex e-con e-child\" data-id=\"21fdb59\" data-element_type=\"container\" data-e-type=\"container\">\n\t\t\t\t<div class=\"elementor-element elementor-element-68f8631e elementor-widget elementor-widget-image\" data-id=\"68f8631e\" data-element_type=\"widget\" data-e-type=\"widget\" data-widget_type=\"image.default\">\n\t\t\t\t<div class=\"elementor-widget-container\">\n\t\t\t\t\t\t\t\t\t\t\t\t\t\t\t<img fetchpriority=\"high\" decoding=\"async\" width=\"1200\" height=\"700\" src=\"https:\/\/fabaction.fr\/wp-content\/uploads\/2025\/04\/PXL_20250115_135611763-1200x700.jpg\" class=\"elementor-animation-shrink attachment-ocean-thumb-l size-ocean-thumb-l wp-image-134\" alt=\"\" \/>\t\t\t\t\t\t\t\t\t\t\t\t\t\t\t<\/div>\n\t\t\t\t<\/div>\n\t\t\t\t<\/div>\n\t\t\t\t<\/div>\n\t\t<div class=\"elementor-element elementor-element-11cad23 e-con-full e-flex e-con e-parent\" data-id=\"11cad23\" data-element_type=\"container\" data-e-type=\"container\" data-settings=\"{&quot;shape_divider_top&quot;:&quot;mountains&quot;}\">\n\t\t\t\t<div class=\"elementor-shape elementor-shape-top\" aria-hidden=\"true\" data-negative=\"false\">\n\t\t\t<svg xmlns=\"http:\/\/www.w3.org\/2000\/svg\" viewbox=\"0 0 1000 100\" preserveaspectratio=\"none\">\n\t<path class=\"elementor-shape-fill\" opacity=\"0.33\" d=\"M473,67.3c-203.9,88.3-263.1-34-320.3,0C66,119.1,0,59.7,0,59.7V0h1000v59.7 c0,0-62.1,26.1-94.9,29.3c-32.8,3.3-62.8-12.3-75.8-22.1C806,49.6,745.3,8.7,694.9,4.7S492.4,59,473,67.3z\"\/>\n\t<path class=\"elementor-shape-fill\" opacity=\"0.66\" d=\"M734,67.3c-45.5,0-77.2-23.2-129.1-39.1c-28.6-8.7-150.3-10.1-254,39.1 s-91.7-34.4-149.2,0C115.7,118.3,0,39.8,0,39.8V0h1000v36.5c0,0-28.2-18.5-92.1-18.5C810.2,18.1,775.7,67.3,734,67.3z\"\/>\n\t<path class=\"elementor-shape-fill\" d=\"M766.1,28.9c-200-57.5-266,65.5-395.1,19.5C242,1.8,242,5.4,184.8,20.6C128,35.8,132.3,44.9,89.9,52.5C28.6,63.7,0,0,0,0 h1000c0,0-9.9,40.9-83.6,48.1S829.6,47,766.1,28.9z\"\/>\n<\/svg>\t\t<\/div>\n\t\t\t\t<\/div>\n\t\t<div class=\"elementor-element elementor-element-beefd7b e-flex e-con-boxed e-con e-parent\" data-id=\"beefd7b\" data-element_type=\"container\" data-e-type=\"container\">\n\t\t\t\t\t<div class=\"e-con-inner\">\n\t\t\t\t<div class=\"elementor-element elementor-element-856f4d8 elementor-widget elementor-widget-heading\" data-id=\"856f4d8\" data-element_type=\"widget\" data-e-type=\"widget\" data-widget_type=\"heading.default\">\n\t\t\t\t<div class=\"elementor-widget-container\">\n\t\t\t\t\t<h3 class=\"elementor-heading-title elementor-size-default\">Pour en savoir plus sur l'atelier <br>la Fresque du Bilan Carbone\u00ae<\/h3>\t\t\t\t<\/div>\n\t\t\t\t<\/div>\n\t\t\t\t\t<\/div>\n\t\t\t\t<\/div>\n\t\t<div class=\"elementor-element elementor-element-a853fa7 e-flex e-con-boxed e-con e-parent\" data-id=\"a853fa7\" data-element_type=\"container\" data-e-type=\"container\">\n\t\t\t\t\t<div class=\"e-con-inner\">\n\t\t<div class=\"elementor-element elementor-element-1ee0307 e-con-full e-flex e-con e-child\" data-id=\"1ee0307\" data-element_type=\"container\" data-e-type=\"container\">\n\t\t\t\t<div class=\"elementor-element elementor-element-72d1ad7 elementor-position-top elementor-invisible elementor-widget elementor-widget-image-box\" data-id=\"72d1ad7\" data-element_type=\"widget\" data-e-type=\"widget\" data-settings=\"{&quot;_animation&quot;:&quot;fadeInUp&quot;}\" data-widget_type=\"image-box.default\">\n\t\t\t\t<div class=\"elementor-widget-container\">\n\t\t\t\t\t<div class=\"elementor-image-box-wrapper\"><figure class=\"elementor-image-box-img\"><img decoding=\"async\" width=\"750\" height=\"750\" src=\"https:\/\/fabaction.fr\/wp-content\/uploads\/2025\/04\/3.png\" class=\"attachment-full size-full wp-image-138\" alt=\"\" srcset=\"https:\/\/fabaction.fr\/wp-content\/uploads\/2025\/04\/3.png 750w, https:\/\/fabaction.fr\/wp-content\/uploads\/2025\/04\/3-300x300.png 300w, https:\/\/fabaction.fr\/wp-content\/uploads\/2025\/04\/3-150x150.png 150w, https:\/\/fabaction.fr\/wp-content\/uploads\/2025\/04\/3-600x600.png 600w\" sizes=\"(max-width: 750px) 100vw, 750px\" \/><\/figure><div class=\"elementor-image-box-content\"><h3 class=\"elementor-image-box-title\"><span style=\"font-family: Montserrat, sans-serif;font-size: 18px;font-style: normal;font-weight: 600\">Pour en savoir plus sur l'atelier La Fresque du Bilan Carbone\u00ae<\/span><\/h3><p class=\"elementor-image-box-description\"><span style=\"font-family: Roboto, sans-serif;font-size: 14px;font-style: normal\">Notre partenaire, l'Association pour la transition Bas Carbone (ABC), porte le projet de la Fresque du Bilan Carbone\u00ae. Vous retrouverez plus d'information et des ressources sur leur site.<\/span><\/p><\/div><\/div>\t\t\t\t<\/div>\n\t\t\t\t<\/div>\n\t\t\t\t<div class=\"elementor-element elementor-element-89d2fd3 elementor-align-center elementor-widget elementor-widget-button\" data-id=\"89d2fd3\" data-element_type=\"widget\" data-e-type=\"widget\" data-widget_type=\"button.default\">\n\t\t\t\t<div class=\"elementor-widget-container\">\n\t\t\t\t\t\t\t\t\t<div class=\"elementor-button-wrapper\">\n\t\t\t\t\t<a class=\"elementor-button elementor-button-link elementor-size-sm elementor-animation-grow\" href=\"https:\/\/abc-transitionbascarbone.fr\/fresque-du-bilan-carbone\/\" target=\"_blank\">\n\t\t\t\t\t\t<span class=\"elementor-button-content-wrapper\">\n\t\t\t\t\t\t\t\t\t<span class=\"elementor-button-text\">Cliquez ici<\/span>\n\t\t\t\t\t<\/span>\n\t\t\t\t\t<\/a>\n\t\t\t\t<\/div>\n\t\t\t\t\t\t\t\t<\/div>\n\t\t\t\t<\/div>\n\t\t\t\t<\/div>\n\t\t<div class=\"elementor-element elementor-element-4553a1e e-con-full e-flex e-con e-child\" data-id=\"4553a1e\" data-element_type=\"container\" data-e-type=\"container\">\n\t\t\t\t<div class=\"elementor-element elementor-element-2554543 elementor-position-top elementor-invisible elementor-widget elementor-widget-image-box\" data-id=\"2554543\" data-element_type=\"widget\" data-e-type=\"widget\" data-settings=\"{&quot;_animation&quot;:&quot;fadeInUp&quot;}\" data-widget_type=\"image-box.default\">\n\t\t\t\t<div class=\"elementor-widget-container\">\n\t\t\t\t\t<div class=\"elementor-image-box-wrapper\"><figure class=\"elementor-image-box-img\"><img decoding=\"async\" width=\"750\" height=\"750\" src=\"https:\/\/fabaction.fr\/wp-content\/uploads\/2025\/04\/7.png\" class=\"attachment-full size-full wp-image-142\" alt=\"\" srcset=\"https:\/\/fabaction.fr\/wp-content\/uploads\/2025\/04\/7.png 750w, https:\/\/fabaction.fr\/wp-content\/uploads\/2025\/04\/7-300x300.png 300w, https:\/\/fabaction.fr\/wp-content\/uploads\/2025\/04\/7-150x150.png 150w, https:\/\/fabaction.fr\/wp-content\/uploads\/2025\/04\/7-600x600.png 600w\" sizes=\"(max-width: 750px) 100vw, 750px\" \/><\/figure><div class=\"elementor-image-box-content\"><h3 class=\"elementor-image-box-title\">Pour vous former \u00e0 la cr\u00e9ation et l'animation de la Fresque du Bilan Carbone\u00ae<\/h3><p class=\"elementor-image-box-description\"><span style=\"font-family: Roboto, sans-serif;font-size: 14px;font-style: normal\">Comme pour le Bilan Carbone\u00ae, la m\u00e9thodologie est accessible via un parcours de formation unique<\/span>. Nous r\u00e9alisons ces formations en partenariat avec l'ABC et l'IFC.<\/p><\/div><\/div>\t\t\t\t<\/div>\n\t\t\t\t<\/div>\n\t\t\t\t<div class=\"elementor-element elementor-element-4f9f546 elementor-align-center elementor-widget elementor-widget-button\" data-id=\"4f9f546\" data-element_type=\"widget\" data-e-type=\"widget\" data-widget_type=\"button.default\">\n\t\t\t\t<div class=\"elementor-widget-container\">\n\t\t\t\t\t\t\t\t\t<div class=\"elementor-button-wrapper\">\n\t\t\t\t\t<a class=\"elementor-button elementor-button-link elementor-size-sm elementor-animation-grow\" href=\"https:\/\/www.if-carbone.com\/IFC_ACCUEIL\/FR\/IFC-Accueil.wb?REFID=RBcAAAAAAAAAAAAATwA\" target=\"_blank\">\n\t\t\t\t\t\t<span class=\"elementor-button-content-wrapper\">\n\t\t\t\t\t\t\t\t\t<span class=\"elementor-button-text\">Cliquez ici<\/span>\n\t\t\t\t\t<\/span>\n\t\t\t\t\t<\/a>\n\t\t\t\t<\/div>\n\t\t\t\t\t\t\t\t<\/div>\n\t\t\t\t<\/div>\n\t\t\t\t<\/div>\n\t\t<div class=\"elementor-element elementor-element-71e2e65 e-con-full e-flex e-con e-child\" data-id=\"71e2e65\" data-element_type=\"container\" data-e-type=\"container\">\n\t\t\t\t<\/div>\n\t\t\t\t\t<\/div>\n\t\t\t\t<\/div>\n\t\t\t\t<\/div>","protected":false},"excerpt":{"rendered":"<p>Notre site en cours de r\u00e9novation Vous pouvez nous contacter via notre page LinkedIN N&rsquo;h\u00e9sitez pas \u00e0 nous envoyer un message Cliquez ici Pour en savoir plus sur l&rsquo;atelier la Fresque du Bilan Carbone\u00ae Pour en savoir plus sur l&rsquo;atelier La Fresque du Bilan Carbone\u00ae Notre partenaire, l&rsquo;Association pour la transition Bas Carbone (ABC), porte [&hellip;]<\/p>\n","protected":false},"author":2,"featured_media":0,"parent":0,"menu_order":0,"comment_status":"closed","ping_status":"closed","template":"","meta":{"_monsterinsights_skip_tracking":false,"_monsterinsights_sitenote_active":false,"_monsterinsights_sitenote_note":"","_monsterinsights_sitenote_category":0,"footnotes":""},"class_list":["post-21","page","type-page","status-publish","hentry","entry"],"yoast_head":"<!-- This site is optimized with the Yoast SEO plugin v25.2 - https:\/\/yoast.com\/wordpress\/plugins\/seo\/ -->\n<title>En cours de r\u00e9novation - FAB Action<\/title>\n<meta name=\"robots\" content=\"index, follow, max-snippet:-1, max-image-preview:large, max-video-preview:-1\" \/>\n<link rel=\"canonical\" href=\"https:\/\/fabaction.fr\/en\/en-cours-de-construction\/\" \/>\n<meta property=\"og:locale\" content=\"en_US\" \/>\n<meta property=\"og:type\" content=\"article\" \/>\n<meta property=\"og:title\" content=\"En cours de r\u00e9novation - FAB Action\" \/>\n<meta property=\"og:description\" content=\"Notre site en cours de r\u00e9novation Vous pouvez nous contacter via notre page LinkedIN N&rsquo;h\u00e9sitez pas \u00e0 nous envoyer un message Cliquez ici Pour en savoir plus sur l&rsquo;atelier la Fresque du Bilan Carbone\u00ae Pour en savoir plus sur l&rsquo;atelier La Fresque du Bilan Carbone\u00ae Notre partenaire, l&rsquo;Association pour la transition Bas Carbone (ABC), porte [&hellip;]\" \/>\n<meta property=\"og:url\" content=\"https:\/\/fabaction.fr\/en\/en-cours-de-construction\/\" \/>\n<meta property=\"og:site_name\" content=\"FAB Action\" \/>\n<meta property=\"article:modified_time\" content=\"2025-04-10T13:41:01+00:00\" \/>\n<meta property=\"og:image\" content=\"http:\/\/fabaction.fr\/wp-content\/uploads\/2025\/04\/PXL_20250115_135611763-1200x700.jpg\" \/>\n<meta name=\"twitter:card\" content=\"summary_large_image\" \/>\n<meta name=\"twitter:label1\" content=\"Est. reading time\" \/>\n\t<meta name=\"twitter:data1\" content=\"2 minutes\" \/>\n<script type=\"application\/ld+json\" class=\"yoast-schema-graph\">{\"@context\":\"https:\/\/schema.org\",\"@graph\":[{\"@type\":\"WebPage\",\"@id\":\"https:\/\/fabaction.fr\/en-cours-de-construction\/\",\"url\":\"https:\/\/fabaction.fr\/en-cours-de-construction\/\",\"name\":\"En cours de r\u00e9novation - FAB Action\",\"isPartOf\":{\"@id\":\"https:\/\/fabaction.fr\/#website\"},\"primaryImageOfPage\":{\"@id\":\"https:\/\/fabaction.fr\/en-cours-de-construction\/#primaryimage\"},\"image\":{\"@id\":\"https:\/\/fabaction.fr\/en-cours-de-construction\/#primaryimage\"},\"thumbnailUrl\":\"http:\/\/fabaction.fr\/wp-content\/uploads\/2025\/04\/PXL_20250115_135611763-1200x700.jpg\",\"datePublished\":\"2025-04-08T15:30:08+00:00\",\"dateModified\":\"2025-04-10T13:41:01+00:00\",\"breadcrumb\":{\"@id\":\"https:\/\/fabaction.fr\/en-cours-de-construction\/#breadcrumb\"},\"inLanguage\":\"en-US\",\"potentialAction\":[{\"@type\":\"ReadAction\",\"target\":[\"https:\/\/fabaction.fr\/en-cours-de-construction\/\"]}]},{\"@type\":\"ImageObject\",\"inLanguage\":\"en-US\",\"@id\":\"https:\/\/fabaction.fr\/en-cours-de-construction\/#primaryimage\",\"url\":\"http:\/\/fabaction.fr\/wp-content\/uploads\/2025\/04\/PXL_20250115_135611763-1200x700.jpg\",\"contentUrl\":\"http:\/\/fabaction.fr\/wp-content\/uploads\/2025\/04\/PXL_20250115_135611763-1200x700.jpg\"},{\"@type\":\"BreadcrumbList\",\"@id\":\"https:\/\/fabaction.fr\/en-cours-de-construction\/#breadcrumb\",\"itemListElement\":[{\"@type\":\"ListItem\",\"position\":1,\"name\":\"Accueil\",\"item\":\"https:\/\/fabaction.fr\/\"},{\"@type\":\"ListItem\",\"position\":2,\"name\":\"En cours de r\u00e9novation\"}]},{\"@type\":\"WebSite\",\"@id\":\"https:\/\/fabaction.fr\/#website\",\"url\":\"https:\/\/fabaction.fr\/\",\"name\":\"FAB Action\",\"description\":\"La sensibilisation, une \u00e9tape indispensable pour l&#039;action\",\"publisher\":{\"@id\":\"https:\/\/fabaction.fr\/#organization\"},\"alternateName\":\"FAB'Action\",\"potentialAction\":[{\"@type\":\"SearchAction\",\"target\":{\"@type\":\"EntryPoint\",\"urlTemplate\":\"https:\/\/fabaction.fr\/?s={search_term_string}\"},\"query-input\":{\"@type\":\"PropertyValueSpecification\",\"valueRequired\":true,\"valueName\":\"search_term_string\"}}],\"inLanguage\":\"en-US\"},{\"@type\":\"Organization\",\"@id\":\"https:\/\/fabaction.fr\/#organization\",\"name\":\"FAB Action - Fresque du Bilan Carbone \u00ae\",\"url\":\"https:\/\/fabaction.fr\/\",\"logo\":{\"@type\":\"ImageObject\",\"inLanguage\":\"en-US\",\"@id\":\"https:\/\/fabaction.fr\/#\/schema\/logo\/image\/\",\"url\":\"https:\/\/fabaction.fr\/wp-content\/uploads\/2025\/04\/cropped-Logo-FabAction-rectangle-couleur.png\",\"contentUrl\":\"https:\/\/fabaction.fr\/wp-content\/uploads\/2025\/04\/cropped-Logo-FabAction-rectangle-couleur.png\",\"width\":1004,\"height\":324,\"caption\":\"FAB Action - Fresque du Bilan Carbone \u00ae\"},\"image\":{\"@id\":\"https:\/\/fabaction.fr\/#\/schema\/logo\/image\/\"},\"sameAs\":[\"https:\/\/www.linkedin.com\/company\/fab-action\/\"]}]}<\/script>\n<!-- \/ Yoast SEO plugin. -->","yoast_head_json":{"title":"En cours de r\u00e9novation - FAB Action","robots":{"index":"index","follow":"follow","max-snippet":"max-snippet:-1","max-image-preview":"max-image-preview:large","max-video-preview":"max-video-preview:-1"},"canonical":"https:\/\/fabaction.fr\/en\/en-cours-de-construction\/","og_locale":"en_US","og_type":"article","og_title":"En cours de r\u00e9novation - FAB Action","og_description":"Notre site en cours de r\u00e9novation Vous pouvez nous contacter via notre page LinkedIN N&rsquo;h\u00e9sitez pas \u00e0 nous envoyer un message Cliquez ici Pour en savoir plus sur l&rsquo;atelier la Fresque du Bilan Carbone\u00ae Pour en savoir plus sur l&rsquo;atelier La Fresque du Bilan Carbone\u00ae Notre partenaire, l&rsquo;Association pour la transition Bas Carbone (ABC), porte [&hellip;]","og_url":"https:\/\/fabaction.fr\/en\/en-cours-de-construction\/","og_site_name":"FAB Action","article_modified_time":"2025-04-10T13:41:01+00:00","og_image":[{"url":"http:\/\/fabaction.fr\/wp-content\/uploads\/2025\/04\/PXL_20250115_135611763-1200x700.jpg","type":"","width":"","height":""}],"twitter_card":"summary_large_image","twitter_misc":{"Est. reading time":"2 minutes"},"schema":{"@context":"https:\/\/schema.org","@graph":[{"@type":"WebPage","@id":"https:\/\/fabaction.fr\/en-cours-de-construction\/","url":"https:\/\/fabaction.fr\/en-cours-de-construction\/","name":"En cours de r\u00e9novation - FAB Action","isPartOf":{"@id":"https:\/\/fabaction.fr\/#website"},"primaryImageOfPage":{"@id":"https:\/\/fabaction.fr\/en-cours-de-construction\/#primaryimage"},"image":{"@id":"https:\/\/fabaction.fr\/en-cours-de-construction\/#primaryimage"},"thumbnailUrl":"http:\/\/fabaction.fr\/wp-content\/uploads\/2025\/04\/PXL_20250115_135611763-1200x700.jpg","datePublished":"2025-04-08T15:30:08+00:00","dateModified":"2025-04-10T13:41:01+00:00","breadcrumb":{"@id":"https:\/\/fabaction.fr\/en-cours-de-construction\/#breadcrumb"},"inLanguage":"en-US","potentialAction":[{"@type":"ReadAction","target":["https:\/\/fabaction.fr\/en-cours-de-construction\/"]}]},{"@type":"ImageObject","inLanguage":"en-US","@id":"https:\/\/fabaction.fr\/en-cours-de-construction\/#primaryimage","url":"http:\/\/fabaction.fr\/wp-content\/uploads\/2025\/04\/PXL_20250115_135611763-1200x700.jpg","contentUrl":"http:\/\/fabaction.fr\/wp-content\/uploads\/2025\/04\/PXL_20250115_135611763-1200x700.jpg"},{"@type":"BreadcrumbList","@id":"https:\/\/fabaction.fr\/en-cours-de-construction\/#breadcrumb","itemListElement":[{"@type":"ListItem","position":1,"name":"Accueil","item":"https:\/\/fabaction.fr\/"},{"@type":"ListItem","position":2,"name":"En cours de r\u00e9novation"}]},{"@type":"WebSite","@id":"https:\/\/fabaction.fr\/#website","url":"https:\/\/fabaction.fr\/","name":"FAB Action","description":"Awareness-raising: an essential step toward action","publisher":{"@id":"https:\/\/fabaction.fr\/#organization"},"alternateName":"FAB'Action","potentialAction":[{"@type":"SearchAction","target":{"@type":"EntryPoint","urlTemplate":"https:\/\/fabaction.fr\/?s={search_term_string}"},"query-input":{"@type":"PropertyValueSpecification","valueRequired":true,"valueName":"search_term_string"}}],"inLanguage":"en-US"},{"@type":"Organization","@id":"https:\/\/fabaction.fr\/#organization","name":"FAB Action - Fresque du Bilan Carbone \u00ae","url":"https:\/\/fabaction.fr\/","logo":{"@type":"ImageObject","inLanguage":"en-US","@id":"https:\/\/fabaction.fr\/#\/schema\/logo\/image\/","url":"https:\/\/fabaction.fr\/wp-content\/uploads\/2025\/04\/cropped-Logo-FabAction-rectangle-couleur.png","contentUrl":"https:\/\/fabaction.fr\/wp-content\/uploads\/2025\/04\/cropped-Logo-FabAction-rectangle-couleur.png","width":1004,"height":324,"caption":"FAB Action - Fresque du Bilan Carbone \u00ae"},"image":{"@id":"https:\/\/fabaction.fr\/#\/schema\/logo\/image\/"},"sameAs":["https:\/\/www.linkedin.com\/company\/fab-action\/"]}]}},"_links":{"self":[{"href":"https:\/\/fabaction.fr\/en\/wp-json\/wp\/v2\/pages\/21","targetHints":{"allow":["GET"]}}],"collection":[{"href":"https:\/\/fabaction.fr\/en\/wp-json\/wp\/v2\/pages"}],"about":[{"href":"https:\/\/fabaction.fr\/en\/wp-json\/wp\/v2\/types\/page"}],"author":[{"embeddable":true,"href":"https:\/\/fabaction.fr\/en\/wp-json\/wp\/v2\/users\/2"}],"replies":[{"embeddable":true,"href":"https:\/\/fabaction.fr\/en\/wp-json\/wp\/v2\/comments?post=21"}],"version-history":[{"count":39,"href":"https:\/\/fabaction.fr\/en\/wp-json\/wp\/v2\/pages\/21\/revisions"}],"predecessor-version":[{"id":166,"href":"https:\/\/fabaction.fr\/en\/wp-json\/wp\/v2\/pages\/21\/revisions\/166"}],"wp:attachment":[{"href":"https:\/\/fabaction.fr\/en\/wp-json\/wp\/v2\/media?parent=21"}],"curies":[{"name":"wp","href":"https:\/\/api.w.org\/{rel}","templated":true}]}}